{"id":13,"date":"2012-02-26T22:29:38","date_gmt":"2012-02-26T22:29:38","guid":{"rendered":"http:\/\/clownettebabette.de\/wordpress\/?page_id=13"},"modified":"2026-01-05T23:52:52","modified_gmt":"2026-01-05T22:52:52","slug":"mitmachzirkus-soziale-arbeit","status":"publish","type":"page","link":"https:\/\/clownettebabette.de\/wordpress\/index.php\/mitmachzirkus-soziale-arbeit\/","title":{"rendered":"Mitmachzirkus"},"content":{"rendered":"\n<figure class=\"wp-block-image aligncenter\"><a href=\"https:\/\/clownettebabette.de\/wordpress\/wp-content\/uploads\/2012\/02\/Jobglierkistebeste-Kopie.jpg\"><img decoding=\"async\" src=\"https:\/\/clownettebabette.de\/wordpress\/wp-content\/uploads\/2012\/02\/Jobglierkistebeste-Kopie-278x300.jpg\" alt=\"\" title=\"Jobglierkistebeste - Kopie\"\/><\/a><\/figure>\n\n\n\n<p>Gerne bereichere ich ihre Feste, ihren Kinder- und Jugendclub oder ihre Schule als Zirkusp\u00e4dagogin. Ich lehre sehr viele Disziplinen im Anf\u00e4nger*innenbereich (Kugellauf, Trapez, Seillauf, etc.) und bin Profi im Jonglieren und in der Clownerie (f\u00fcr letztere beiden werden alle Requisiten gestellt).<\/p>\n\n\n\n<p>Meine Projekte dauern in der Regel f\u00fcnf bis sechs Tage und enden mit einer Abschlussshow. Es kommt auch mal vor, dass ich f\u00fcr Projekttage gebucht werde.<\/p>\n\n\n\n<p>Zielgruppe: Grundschulkinder, \u00e4ltere Kita-Kinder, Jugendliche<\/p>\n\n\n\n<p>Gruppengr\u00f6\u00dfe: alleine. 8 Kinder; mit Unterst\u00fctzung einer Fachkraft vor Ort: max. 22 Kinder<\/p>\n\n\n\n<div class=\"wp-block-group is-nowrap is-layout-flex wp-container-core-group-is-layout-6c531013 wp-block-group-is-layout-flex\">\n<figure class=\"wp-block-image\"><a href=\"https:\/\/clownettebabette.de\/wordpress\/wp-content\/uploads\/2012\/02\/St.-Antonius-GS-Kevelaer.jpg\"><img loading=\"lazy\" decoding=\"async\" width=\"300\" height=\"225\" src=\"https:\/\/clownettebabette.de\/wordpress\/wp-content\/uploads\/2012\/02\/St.-Antonius-GS-Kevelaer-300x225.jpg\" alt=\"\" class=\"wp-image-100\" title=\"St. Antonius GS Kevelaer\" srcset=\"https:\/\/clownettebabette.de\/wordpress\/wp-content\/uploads\/2012\/02\/St.-Antonius-GS-Kevelaer-300x225.jpg 300w, https:\/\/clownettebabette.de\/wordpress\/wp-content\/uploads\/2012\/02\/St.-Antonius-GS-Kevelaer-1024x768.jpg 1024w, https:\/\/clownettebabette.de\/wordpress\/wp-content\/uploads\/2012\/02\/St.-Antonius-GS-Kevelaer-768x576.jpg 768w, https:\/\/clownettebabette.de\/wordpress\/wp-content\/uploads\/2012\/02\/St.-Antonius-GS-Kevelaer-1536x1152.jpg 1536w, https:\/\/clownettebabette.de\/wordpress\/wp-content\/uploads\/2012\/02\/St.-Antonius-GS-Kevelaer.jpg 2048w\" sizes=\"auto, (max-width: 300px) 100vw, 300px\" \/><\/a><\/figure>\n\n\n\n<figure class=\"wp-block-image alignright\"><a href=\"https:\/\/clownettebabette.de\/wordpress\/wp-content\/uploads\/2012\/02\/zapp2.jpg\"><img loading=\"lazy\" decoding=\"async\" width=\"300\" height=\"225\" src=\"https:\/\/clownettebabette.de\/wordpress\/wp-content\/uploads\/2012\/02\/zapp2-300x225.jpg\" alt=\"\" class=\"wp-image-103\" title=\"zapp zarap 5\" srcset=\"https:\/\/clownettebabette.de\/wordpress\/wp-content\/uploads\/2012\/02\/zapp2-300x225.jpg 300w, https:\/\/clownettebabette.de\/wordpress\/wp-content\/uploads\/2012\/02\/zapp2-1024x768.jpg 1024w, https:\/\/clownettebabette.de\/wordpress\/wp-content\/uploads\/2012\/02\/zapp2-768x576.jpg 768w, https:\/\/clownettebabette.de\/wordpress\/wp-content\/uploads\/2012\/02\/zapp2-1536x1152.jpg 1536w, https:\/\/clownettebabette.de\/wordpress\/wp-content\/uploads\/2012\/02\/zapp2.jpg 2048w\" sizes=\"auto, (max-width: 300px) 100vw, 300px\" \/><\/a><\/figure>\n\n\n\n<figure class=\"wp-block-image\"><a href=\"https:\/\/clownettebabette.de\/wordpress\/wp-content\/uploads\/2012\/02\/Workshop2.jpg\"><img loading=\"lazy\" decoding=\"async\" width=\"300\" height=\"225\" src=\"https:\/\/clownettebabette.de\/wordpress\/wp-content\/uploads\/2012\/02\/Workshop2-300x225.jpg\" alt=\"\" class=\"wp-image-104\" title=\"Serbien 2011\" srcset=\"https:\/\/clownettebabette.de\/wordpress\/wp-content\/uploads\/2012\/02\/Workshop2-300x225.jpg 300w, https:\/\/clownettebabette.de\/wordpress\/wp-content\/uploads\/2012\/02\/Workshop2-1024x768.jpg 1024w, https:\/\/clownettebabette.de\/wordpress\/wp-content\/uploads\/2012\/02\/Workshop2-768x576.jpg 768w, https:\/\/clownettebabette.de\/wordpress\/wp-content\/uploads\/2012\/02\/Workshop2-1536x1152.jpg 1536w, https:\/\/clownettebabette.de\/wordpress\/wp-content\/uploads\/2012\/02\/Workshop2-2048x1536.jpg 2048w\" sizes=\"auto, (max-width: 300px) 100vw, 300px\" \/><\/a><\/figure>\n<\/div>\n\n\n\n<p>Ihr sch\u00f6nes Fest machen ihre jungen G\u00e4ste und ich kunterbunt mit meinem kreativen Jonglierkoffer. Jedes Kind bekommt jedes Jonglier-Spielzeug erkl\u00e4rt und darf sich austoben. Manchmal jonglieren die Eltern begeistert mit.<\/p>\n\n\n\n<div class=\"wp-block-group is-content-justification-center is-nowrap is-layout-flex wp-container-core-group-is-layout-23441af8 wp-block-group-is-layout-flex\">\n<figure class=\"wp-block-image\"><a href=\"https:\/\/clownettebabette.de\/wordpress\/wp-content\/uploads\/2012\/02\/Kevelaer2.jpg\"><img decoding=\"async\" src=\"https:\/\/clownettebabette.de\/wordpress\/wp-content\/uploads\/2012\/02\/Kevelaer2-300x225.jpg\" alt=\"\" title=\"Kindermitmachzirkus\"\/><\/a><\/figure>\n\n\n\n<figure class=\"wp-block-image alignleft\"><a href=\"https:\/\/clownettebabette.de\/wordpress\/wp-content\/uploads\/2012\/02\/DSCN3491-min.jpg\"><img loading=\"lazy\" decoding=\"async\" width=\"300\" height=\"225\" src=\"https:\/\/clownettebabette.de\/wordpress\/wp-content\/uploads\/2012\/02\/DSCN3491-min-300x225.jpg\" alt=\"\" class=\"wp-image-702\" title=\"DSCN3491-min\" srcset=\"https:\/\/clownettebabette.de\/wordpress\/wp-content\/uploads\/2012\/02\/DSCN3491-min-300x225.jpg 300w, https:\/\/clownettebabette.de\/wordpress\/wp-content\/uploads\/2012\/02\/DSCN3491-min-1024x768.jpg 1024w, https:\/\/clownettebabette.de\/wordpress\/wp-content\/uploads\/2012\/02\/DSCN3491-min-768x576.jpg 768w, https:\/\/clownettebabette.de\/wordpress\/wp-content\/uploads\/2012\/02\/DSCN3491-min-1536x1152.jpg 1536w, https:\/\/clownettebabette.de\/wordpress\/wp-content\/uploads\/2012\/02\/DSCN3491-min-2048x1536.jpg 2048w\" sizes=\"auto, (max-width: 300px) 100vw, 300px\" \/><\/a><\/figure>\n<\/div>\n\n\n\n<p>Regelm\u00e4\u00dfige freie Mitarbeit als Zirkus-P\u00e4dagogin (teilweise als Leiterin) im Kinder- und Jugendzirkus-Bereich bei folgenden Projekten:<\/p>\n\n\n\n<ul class=\"wp-block-list\">\n<li>Zirkus Internationale, Berlin-Wedding<\/li>\n\n\n\n<li>Zirkus Zapp Zarap,\u00a0europaweit<\/li>\n\n\n\n<li>Siebenmeilenstiefel\/Familienbildungsst\u00e4tte, Marburg<\/li>\n\n\n\n<li>Berlin Balkan Circus, europaweit<\/li>\n\n\n\n<li>Cirkus Tausendtraum, deutschlandweit<\/li>\n\n\n\n<li>Lernort Klein Hundorf e.V., Mecklenburg<\/li>\n<\/ul>\n\n\n\n<div class=\"wp-block-group is-content-justification-center is-nowrap is-layout-flex wp-container-core-group-is-layout-23441af8 wp-block-group-is-layout-flex\">\n<figure class=\"wp-block-image\"><a href=\"https:\/\/clownettebabette.de\/wordpress\/wp-content\/uploads\/2012\/02\/trapez2.jpg\"><img loading=\"lazy\" decoding=\"async\" width=\"225\" height=\"300\" src=\"https:\/\/clownettebabette.de\/wordpress\/wp-content\/uploads\/2012\/02\/trapez2-225x300.jpg\" alt=\"\" class=\"wp-image-101\" title=\"trapez2\" srcset=\"https:\/\/clownettebabette.de\/wordpress\/wp-content\/uploads\/2012\/02\/trapez2-225x300.jpg 225w, https:\/\/clownettebabette.de\/wordpress\/wp-content\/uploads\/2012\/02\/trapez2-768x1024.jpg 768w, https:\/\/clownettebabette.de\/wordpress\/wp-content\/uploads\/2012\/02\/trapez2-1152x1536.jpg 1152w, https:\/\/clownettebabette.de\/wordpress\/wp-content\/uploads\/2012\/02\/trapez2.jpg 1536w\" sizes=\"auto, (max-width: 225px) 100vw, 225px\" \/><\/a><\/figure>\n\n\n\n<figure class=\"wp-block-image\"><a href=\"https:\/\/clownettebabette.de\/wordpress\/wp-content\/uploads\/2012\/02\/zapp31.jpg\"><img loading=\"lazy\" decoding=\"async\" width=\"225\" height=\"300\" src=\"https:\/\/clownettebabette.de\/wordpress\/wp-content\/uploads\/2012\/02\/zapp31-225x300.jpg\" alt=\"\" class=\"wp-image-102\" title=\"zapp zarap feuer\" srcset=\"https:\/\/clownettebabette.de\/wordpress\/wp-content\/uploads\/2012\/02\/zapp31-225x300.jpg 225w, https:\/\/clownettebabette.de\/wordpress\/wp-content\/uploads\/2012\/02\/zapp31-768x1024.jpg 768w, https:\/\/clownettebabette.de\/wordpress\/wp-content\/uploads\/2012\/02\/zapp31-1152x1536.jpg 1152w, https:\/\/clownettebabette.de\/wordpress\/wp-content\/uploads\/2012\/02\/zapp31.jpg 1536w\" sizes=\"auto, (max-width: 225px) 100vw, 225px\" \/><\/a><\/figure>\n<\/div>\n\n\n\n<p><\/p>\n","protected":false},"excerpt":{"rendered":"<p>Gerne bereichere ich ihre Feste, ihren Kinder- und Jugendclub oder ihre Schule als Zirkusp\u00e4dagogin. Ich lehre sehr viele Disziplinen im Anf\u00e4nger*innenbereich (Kugellauf, Trapez, Seillauf, etc.) und bin Profi im Jonglieren und in der Clownerie (f\u00fcr letztere beiden werden alle Requisiten gestellt). Meine Projekte dauern in der Regel f\u00fcnf bis sechs Tage und enden mit einer [&hellip;]<\/p>\n","protected":false},"author":1,"featured_media":0,"parent":0,"menu_order":0,"comment_status":"open","ping_status":"open","template":"","meta":{"footnotes":""},"class_list":["post-13","page","type-page","status-publish","hentry"],"_links":{"self":[{"href":"https:\/\/clownettebabette.de\/wordpress\/index.php\/wp-json\/wp\/v2\/pages\/13","targetHints":{"allow":["GET"]}}],"collection":[{"href":"https:\/\/clownettebabette.de\/wordpress\/index.php\/wp-json\/wp\/v2\/pages"}],"about":[{"href":"https:\/\/clownettebabette.de\/wordpress\/index.php\/wp-json\/wp\/v2\/types\/page"}],"author":[{"embeddable":true,"href":"https:\/\/clownettebabette.de\/wordpress\/index.php\/wp-json\/wp\/v2\/users\/1"}],"replies":[{"embeddable":true,"href":"https:\/\/clownettebabette.de\/wordpress\/index.php\/wp-json\/wp\/v2\/comments?post=13"}],"version-history":[{"count":2,"href":"https:\/\/clownettebabette.de\/wordpress\/index.php\/wp-json\/wp\/v2\/pages\/13\/revisions"}],"predecessor-version":[{"id":1006,"href":"https:\/\/clownettebabette.de\/wordpress\/index.php\/wp-json\/wp\/v2\/pages\/13\/revisions\/1006"}],"wp:attachment":[{"href":"https:\/\/clownettebabette.de\/wordpress\/index.php\/wp-json\/wp\/v2\/media?parent=13"}],"curies":[{"name":"wp","href":"https:\/\/api.w.org\/{rel}","templated":true}]}}