{"id":892,"date":"2012-02-26T22:23:50","date_gmt":"2012-02-26T22:23:50","guid":{"rendered":"http:\/\/clownettebabette.de\/wordpress\/?page_id=2"},"modified":"2026-01-05T22:54:06","modified_gmt":"2026-01-05T21:54:06","slug":"clownerie-kinder","status":"publish","type":"page","link":"https:\/\/clownettebabette.de\/wordpress\/index.php\/clownerie-kinder\/","title":{"rendered":"Clownerie f\u00fcr Kinder"},"content":{"rendered":"\n<figure class=\"wp-block-image aligncenter is-resized\"><a href=\"https:\/\/clownettebabette.de\/wordpress\/wp-content\/uploads\/2012\/02\/Foto0420.jpg\"><img loading=\"lazy\" decoding=\"async\" width=\"225\" height=\"300\" src=\"https:\/\/clownettebabette.de\/wordpress\/wp-content\/uploads\/2012\/02\/Foto0420-225x300.jpg\" alt=\"\" class=\"wp-image-647\" style=\"aspect-ratio:0.7500000247172617;width:387px;height:auto\" title=\"Foto0420\" srcset=\"https:\/\/clownettebabette.de\/wordpress\/wp-content\/uploads\/2012\/02\/Foto0420-225x300.jpg 225w, https:\/\/clownettebabette.de\/wordpress\/wp-content\/uploads\/2012\/02\/Foto0420-768x1024.jpg 768w, https:\/\/clownettebabette.de\/wordpress\/wp-content\/uploads\/2012\/02\/Foto0420-1152x1536.jpg 1152w, https:\/\/clownettebabette.de\/wordpress\/wp-content\/uploads\/2012\/02\/Foto0420.jpg 1536w\" sizes=\"auto, (max-width: 225px) 100vw, 225px\" \/><\/a><\/figure>\n\n\n\n<p><span style=\"font-size: 1.6em;\">Verehrtes Publikum. Auf geht\u00b4s!<\/span><\/p>\n\n\n\n<p>Kinderfeste, Sommerfeste, Einschulungen, Geburtstage, Hochzeiten &#8211; ich bin f\u00fcr Euch da!<\/p>\n\n\n\n<div class=\"wp-block-group is-nowrap is-layout-flex wp-container-core-group-is-layout-6c531013 wp-block-group-is-layout-flex\">\n<figure class=\"wp-block-image alignleft\"><a href=\"https:\/\/clownettebabette.de\/wordpress\/wp-content\/uploads\/2012\/02\/Babbel2.jpg\"><img loading=\"lazy\" decoding=\"async\" width=\"225\" height=\"300\" src=\"https:\/\/clownettebabette.de\/wordpress\/wp-content\/uploads\/2012\/02\/Babbel2-225x300.jpg\" alt=\"\" class=\"wp-image-669\" title=\"Babbel2\" srcset=\"https:\/\/clownettebabette.de\/wordpress\/wp-content\/uploads\/2012\/02\/Babbel2-225x300.jpg 225w, https:\/\/clownettebabette.de\/wordpress\/wp-content\/uploads\/2012\/02\/Babbel2-768x1024.jpg 768w, https:\/\/clownettebabette.de\/wordpress\/wp-content\/uploads\/2012\/02\/Babbel2-1152x1536.jpg 1152w, https:\/\/clownettebabette.de\/wordpress\/wp-content\/uploads\/2012\/02\/Babbel2-1536x2048.jpg 1536w, https:\/\/clownettebabette.de\/wordpress\/wp-content\/uploads\/2012\/02\/Babbel2-scaled.jpg 1920w\" sizes=\"auto, (max-width: 225px) 100vw, 225px\" \/><\/a><\/figure>\n\n\n\n<figure class=\"wp-block-image aligncenter\"><a href=\"https:\/\/clownettebabette.de\/wordpress\/wp-content\/uploads\/2012\/02\/otto1.jpg\"><img loading=\"lazy\" decoding=\"async\" width=\"300\" height=\"186\" src=\"https:\/\/clownettebabette.de\/wordpress\/wp-content\/uploads\/2012\/02\/otto1-300x186.jpg\" alt=\"\" class=\"wp-image-650\" title=\"otto1\" srcset=\"https:\/\/clownettebabette.de\/wordpress\/wp-content\/uploads\/2012\/02\/otto1-300x186.jpg 300w, https:\/\/clownettebabette.de\/wordpress\/wp-content\/uploads\/2012\/02\/otto1-1024x636.jpg 1024w, https:\/\/clownettebabette.de\/wordpress\/wp-content\/uploads\/2012\/02\/otto1-768x477.jpg 768w, https:\/\/clownettebabette.de\/wordpress\/wp-content\/uploads\/2012\/02\/otto1.jpg 1421w\" sizes=\"auto, (max-width: 300px) 100vw, 300px\" \/><\/a><\/figure>\n\n\n\n<figure class=\"wp-block-image alignright\"><a href=\"https:\/\/clownettebabette.de\/wordpress\/wp-content\/uploads\/2012\/02\/NurKisteohneschatten-min1.jpg\"><img loading=\"lazy\" decoding=\"async\" width=\"300\" height=\"225\" src=\"https:\/\/clownettebabette.de\/wordpress\/wp-content\/uploads\/2012\/02\/NurKisteohneschatten-min1-300x225.jpg\" alt=\"\" class=\"wp-image-659\" title=\"NurKisteohneschatten-min\" srcset=\"https:\/\/clownettebabette.de\/wordpress\/wp-content\/uploads\/2012\/02\/NurKisteohneschatten-min1-300x225.jpg 300w, https:\/\/clownettebabette.de\/wordpress\/wp-content\/uploads\/2012\/02\/NurKisteohneschatten-min1-1024x768.jpg 1024w, https:\/\/clownettebabette.de\/wordpress\/wp-content\/uploads\/2012\/02\/NurKisteohneschatten-min1-768x576.jpg 768w, https:\/\/clownettebabette.de\/wordpress\/wp-content\/uploads\/2012\/02\/NurKisteohneschatten-min1-1536x1152.jpg 1536w, https:\/\/clownettebabette.de\/wordpress\/wp-content\/uploads\/2012\/02\/NurKisteohneschatten-min1-2048x1536.jpg 2048w\" sizes=\"auto, (max-width: 300px) 100vw, 300px\" \/><\/a><\/figure>\n<\/div>\n\n\n\n<p><strong><span style=\"font-size: 1.2em;\">Angebote:<\/span><\/strong><\/p>\n\n\n\n<ul class=\"wp-block-list\">\n<li>\u00a0Clownsshow (30 \u2013 40 min.)<\/li>\n\n\n\n<li>\u00a0Walking-Act, also an keinem festen Standort<\/li>\n\n\n\n<li>\u00a0Ballontiere kneten<\/li>\n\n\n\n<li>Kindermitmachzirkus mit dem Clownskoffer und\/oder dem Jonglierkoffer<\/li>\n\n\n\n<li>H\u00e4ufig werden zwei Angebote zusammen gebucht<\/li>\n<\/ul>\n\n\n\n<figure class=\"wp-block-image aligncenter\"><a href=\"https:\/\/clownettebabette.de\/wordpress\/wp-content\/uploads\/2012\/02\/clownette-babette-sorgte-fuer-unterhaltung-auf-der-202110031440-full1.jpg\"><img loading=\"lazy\" decoding=\"async\" width=\"300\" height=\"300\" src=\"https:\/\/clownettebabette.de\/wordpress\/wp-content\/uploads\/2012\/02\/clownette-babette-sorgte-fuer-unterhaltung-auf-der-202110031440-full1-300x300.jpg\" alt=\"\" class=\"wp-image-652\" title=\"clownette-babette-sorgte-fuer-unterhaltung-auf-der-202110031440-full[1]\" srcset=\"https:\/\/clownettebabette.de\/wordpress\/wp-content\/uploads\/2012\/02\/clownette-babette-sorgte-fuer-unterhaltung-auf-der-202110031440-full1-300x300.jpg 300w, https:\/\/clownettebabette.de\/wordpress\/wp-content\/uploads\/2012\/02\/clownette-babette-sorgte-fuer-unterhaltung-auf-der-202110031440-full1-150x150.jpg 150w, https:\/\/clownettebabette.de\/wordpress\/wp-content\/uploads\/2012\/02\/clownette-babette-sorgte-fuer-unterhaltung-auf-der-202110031440-full1.jpg 674w\" sizes=\"auto, (max-width: 300px) 100vw, 300px\" \/><\/a><\/figure>\n\n\n\n<p>Erfahrung seit \u00fcber zwanzig Jahren, auch als Diplom-P\u00e4dagogin im Bereich Kinder und Jugend. Egal ob Rabauken, Sch\u00fcchternheiten, Dazwischenquassler, Clowndooffinder &#8211; mein Talent ist das Erkennen und Handeln. Somit ist jede Show und Interaktion immer eine wunderbare Improvisation. Ich spreche Deutsch, Englisch, Spanisch und&nbsp; &#8211; Brabbelisch.<\/p>\n\n\n\n<figure class=\"wp-block-gallery has-nested-images columns-default is-cropped wp-block-gallery-1 is-layout-flex wp-block-gallery-is-layout-flex\">\n<figure class=\"wp-block-image aligncenter\"><a href=\"https:\/\/clownettebabette.de\/wordpress\/wp-content\/uploads\/2012\/02\/Publikum.jpg\"><img decoding=\"async\" src=\"https:\/\/clownettebabette.de\/wordpress\/wp-content\/uploads\/2012\/02\/Publikum-300x205.jpg\" alt=\"\" title=\"Kinder\"\/><\/a><\/figure>\n\n\n\n<figure class=\"wp-block-image size-large\"><a href=\"https:\/\/clownettebabette.de\/wordpress\/wp-content\/uploads\/2012\/02\/Ballons1.jpg\"><img loading=\"lazy\" decoding=\"async\" width=\"1024\" height=\"699\" data-id=\"667\" src=\"https:\/\/clownettebabette.de\/wordpress\/wp-content\/uploads\/2012\/02\/Ballons1-1024x699.jpg\" alt=\"\" class=\"wp-image-667\" title=\"Ballons1\" srcset=\"https:\/\/clownettebabette.de\/wordpress\/wp-content\/uploads\/2012\/02\/Ballons1-1024x699.jpg 1024w, https:\/\/clownettebabette.de\/wordpress\/wp-content\/uploads\/2012\/02\/Ballons1-300x205.jpg 300w, https:\/\/clownettebabette.de\/wordpress\/wp-content\/uploads\/2012\/02\/Ballons1-768x524.jpg 768w, https:\/\/clownettebabette.de\/wordpress\/wp-content\/uploads\/2012\/02\/Ballons1.jpg 1051w\" sizes=\"auto, (max-width: 1024px) 100vw, 1024px\" \/><\/a><\/figure>\n<\/figure>\n","protected":false},"excerpt":{"rendered":"<p>Verehrtes Publikum. Auf geht\u00b4s! Kinderfeste, Sommerfeste, Einschulungen, Geburtstage, Hochzeiten &#8211; ich bin f\u00fcr Euch da! Angebote: Erfahrung seit \u00fcber zwanzig Jahren, auch als Diplom-P\u00e4dagogin im Bereich Kinder und Jugend. Egal ob Rabauken, Sch\u00fcchternheiten, Dazwischenquassler, Clowndooffinder &#8211; mein Talent ist das Erkennen und Handeln. Somit ist jede Show und Interaktion immer eine wunderbare Improvisation. Ich spreche [&hellip;]<\/p>\n","protected":false},"author":1,"featured_media":0,"parent":0,"menu_order":0,"comment_status":"open","ping_status":"open","template":"","meta":{"footnotes":""},"class_list":["post-892","page","type-page","status-publish","hentry"],"_links":{"self":[{"href":"https:\/\/clownettebabette.de\/wordpress\/index.php\/wp-json\/wp\/v2\/pages\/892","targetHints":{"allow":["GET"]}}],"collection":[{"href":"https:\/\/clownettebabette.de\/wordpress\/index.php\/wp-json\/wp\/v2\/pages"}],"about":[{"href":"https:\/\/clownettebabette.de\/wordpress\/index.php\/wp-json\/wp\/v2\/types\/page"}],"author":[{"embeddable":true,"href":"https:\/\/clownettebabette.de\/wordpress\/index.php\/wp-json\/wp\/v2\/users\/1"}],"replies":[{"embeddable":true,"href":"https:\/\/clownettebabette.de\/wordpress\/index.php\/wp-json\/wp\/v2\/comments?post=892"}],"version-history":[{"count":3,"href":"https:\/\/clownettebabette.de\/wordpress\/index.php\/wp-json\/wp\/v2\/pages\/892\/revisions"}],"predecessor-version":[{"id":1033,"href":"https:\/\/clownettebabette.de\/wordpress\/index.php\/wp-json\/wp\/v2\/pages\/892\/revisions\/1033"}],"wp:attachment":[{"href":"https:\/\/clownettebabette.de\/wordpress\/index.php\/wp-json\/wp\/v2\/media?parent=892"}],"curies":[{"name":"wp","href":"https:\/\/api.w.org\/{rel}","templated":true}]}}