{"id":895,"date":"2012-02-26T22:27:55","date_gmt":"2012-02-26T22:27:55","guid":{"rendered":"http:\/\/clownettebabette.de\/wordpress\/?page_id=5"},"modified":"2026-01-05T23:46:28","modified_gmt":"2026-01-05T22:46:28","slug":"clownerie-slapstik","status":"publish","type":"page","link":"https:\/\/clownettebabette.de\/wordpress\/index.php\/clownerie-slapstik\/","title":{"rendered":"Wei\u00dfes Kaninchen Bongo Bong Bingo"},"content":{"rendered":"\n<div class=\"wp-block-group is-content-justification-center is-nowrap is-layout-flex wp-container-core-group-is-layout-23441af8 wp-block-group-is-layout-flex\">\n<figure class=\"wp-block-image alignleft\"><a href=\"https:\/\/clownettebabette.de\/wordpress\/wp-content\/uploads\/2012\/02\/12.jpg\"><img decoding=\"async\" src=\"https:\/\/clownettebabette.de\/wordpress\/wp-content\/uploads\/2012\/02\/12-300x198.jpg\" alt=\"\" class=\"wp-image-408\" title=\"1\"\/><\/a><\/figure>\n\n\n\n<figure class=\"wp-block-image alignleft\"><a href=\"https:\/\/clownettebabette.de\/wordpress\/wp-content\/uploads\/2012\/02\/21.jpg\"><img decoding=\"async\" src=\"https:\/\/clownettebabette.de\/wordpress\/wp-content\/uploads\/2012\/02\/21-300x198.jpg\" alt=\"\" class=\"wp-image-409\" title=\"2\"\/><\/a><\/figure>\n<\/div>\n\n\n\n<p>Unsere sch\u00f6ne neue Show! Hier zockt das Publikum Bingo &#8211;&nbsp; mit dem vorlauten Wei\u00dfen Kaninchen und ihren wundervollen Assistentinnen Ms. Bingo und Ms. Bongo. Chacka. Leicht zu erkl\u00e4ren, am\u00fcsant, ein grossartiger Spass f\u00fcr wirklich Alle. <\/p>\n\n\n\n<div class=\"wp-block-group is-content-justification-center is-nowrap is-layout-flex wp-container-core-group-is-layout-23441af8 wp-block-group-is-layout-flex\">\n<figure class=\"wp-block-image alignleft\"><a href=\"https:\/\/clownettebabette.de\/wordpress\/wp-content\/uploads\/2012\/02\/32.jpg\"><img decoding=\"async\" src=\"https:\/\/clownettebabette.de\/wordpress\/wp-content\/uploads\/2012\/02\/32-300x198.jpg\" alt=\"\" class=\"wp-image-412\" title=\"3\"\/><\/a><\/figure>\n\n\n\n<figure class=\"wp-block-image alignright\"><a href=\"https:\/\/clownettebabette.de\/wordpress\/wp-content\/uploads\/2012\/02\/9.jpg\"><img decoding=\"async\" src=\"https:\/\/clownettebabette.de\/wordpress\/wp-content\/uploads\/2012\/02\/9-300x198.jpg\" alt=\"\" class=\"wp-image-427\" title=\"9\"\/><\/a><\/figure>\n\n\n\n<figure class=\"wp-block-image aligncenter\"><a href=\"https:\/\/clownettebabette.de\/wordpress\/wp-content\/uploads\/2012\/02\/42.jpg\"><img decoding=\"async\" src=\"https:\/\/clownettebabette.de\/wordpress\/wp-content\/uploads\/2012\/02\/42-300x198.jpg\" alt=\"\" class=\"wp-image-415\" title=\"4\"\/><\/a><\/figure>\n<\/div>\n\n\n\n<div class=\"wp-block-group is-nowrap is-layout-flex wp-container-core-group-is-layout-6c531013 wp-block-group-is-layout-flex\">\n<figure data-wp-context=\"{&quot;imageId&quot;:&quot;69efb6597fe51&quot;}\" data-wp-interactive=\"core\/image\" data-wp-key=\"69efb6597fe51\" class=\"wp-block-image size-large wp-lightbox-container\"><img loading=\"lazy\" decoding=\"async\" width=\"678\" height=\"1024\" data-wp-class--hide=\"state.isContentHidden\" data-wp-class--show=\"state.isContentVisible\" data-wp-init=\"callbacks.setButtonStyles\" data-wp-on--click=\"actions.showLightbox\" data-wp-on--load=\"callbacks.setButtonStyles\" data-wp-on-window--resize=\"callbacks.setButtonStyles\" src=\"https:\/\/clownettebabette.de\/wordpress\/wp-content\/uploads\/2021\/06\/DSC0609Top-min-678x1024.jpg\" alt=\"\" class=\"wp-image-334\" srcset=\"https:\/\/clownettebabette.de\/wordpress\/wp-content\/uploads\/2021\/06\/DSC0609Top-min-678x1024.jpg 678w, https:\/\/clownettebabette.de\/wordpress\/wp-content\/uploads\/2021\/06\/DSC0609Top-min-199x300.jpg 199w, https:\/\/clownettebabette.de\/wordpress\/wp-content\/uploads\/2021\/06\/DSC0609Top-min-768x1160.jpg 768w, https:\/\/clownettebabette.de\/wordpress\/wp-content\/uploads\/2021\/06\/DSC0609Top-min-1017x1536.jpg 1017w, https:\/\/clownettebabette.de\/wordpress\/wp-content\/uploads\/2021\/06\/DSC0609Top-min-1356x2048.jpg 1356w, https:\/\/clownettebabette.de\/wordpress\/wp-content\/uploads\/2021\/06\/DSC0609Top-min-scaled.jpg 1696w\" sizes=\"auto, (max-width: 678px) 100vw, 678px\" \/><button\n\t\t\tclass=\"lightbox-trigger\"\n\t\t\ttype=\"button\"\n\t\t\taria-haspopup=\"dialog\"\n\t\t\taria-label=\"Vergr\u00f6\u00dfern\"\n\t\t\tdata-wp-init=\"callbacks.initTriggerButton\"\n\t\t\tdata-wp-on--click=\"actions.showLightbox\"\n\t\t\tdata-wp-style--right=\"state.imageButtonRight\"\n\t\t\tdata-wp-style--top=\"state.imageButtonTop\"\n\t\t>\n\t\t\t<svg xmlns=\"http:\/\/www.w3.org\/2000\/svg\" width=\"12\" height=\"12\" fill=\"none\" viewBox=\"0 0 12 12\">\n\t\t\t\t<path fill=\"#fff\" d=\"M2 0a2 2 0 0 0-2 2v2h1.5V2a.5.5 0 0 1 .5-.5h2V0H2Zm2 10.5H2a.5.5 0 0 1-.5-.5V8H0v2a2 2 0 0 0 2 2h2v-1.5ZM8 12v-1.5h2a.5.5 0 0 0 .5-.5V8H12v2a2 2 0 0 1-2 2H8Zm2-12a2 2 0 0 1 2 2v2h-1.5V2a.5.5 0 0 0-.5-.5H8V0h2Z\" \/>\n\t\t\t<\/svg>\n\t\t<\/button><\/figure>\n\n\n\n<figure data-wp-context=\"{&quot;imageId&quot;:&quot;69efb6598b5d2&quot;}\" data-wp-interactive=\"core\/image\" data-wp-key=\"69efb6598b5d2\" class=\"wp-block-image size-large wp-lightbox-container\"><img loading=\"lazy\" decoding=\"async\" width=\"678\" height=\"1024\" data-wp-class--hide=\"state.isContentHidden\" data-wp-class--show=\"state.isContentVisible\" data-wp-init=\"callbacks.setButtonStyles\" data-wp-on--click=\"actions.showLightbox\" data-wp-on--load=\"callbacks.setButtonStyles\" data-wp-on-window--resize=\"callbacks.setButtonStyles\" src=\"https:\/\/clownettebabette.de\/wordpress\/wp-content\/uploads\/2012\/02\/7-678x1024.jpg\" alt=\"\" class=\"wp-image-420\" srcset=\"https:\/\/clownettebabette.de\/wordpress\/wp-content\/uploads\/2012\/02\/7-678x1024.jpg 678w, https:\/\/clownettebabette.de\/wordpress\/wp-content\/uploads\/2012\/02\/7-199x300.jpg 199w, https:\/\/clownettebabette.de\/wordpress\/wp-content\/uploads\/2012\/02\/7-768x1160.jpg 768w, https:\/\/clownettebabette.de\/wordpress\/wp-content\/uploads\/2012\/02\/7-1017x1536.jpg 1017w, https:\/\/clownettebabette.de\/wordpress\/wp-content\/uploads\/2012\/02\/7-1356x2048.jpg 1356w, https:\/\/clownettebabette.de\/wordpress\/wp-content\/uploads\/2012\/02\/7-scaled.jpg 1696w\" sizes=\"auto, (max-width: 678px) 100vw, 678px\" \/><button\n\t\t\tclass=\"lightbox-trigger\"\n\t\t\ttype=\"button\"\n\t\t\taria-haspopup=\"dialog\"\n\t\t\taria-label=\"Vergr\u00f6\u00dfern\"\n\t\t\tdata-wp-init=\"callbacks.initTriggerButton\"\n\t\t\tdata-wp-on--click=\"actions.showLightbox\"\n\t\t\tdata-wp-style--right=\"state.imageButtonRight\"\n\t\t\tdata-wp-style--top=\"state.imageButtonTop\"\n\t\t>\n\t\t\t<svg xmlns=\"http:\/\/www.w3.org\/2000\/svg\" width=\"12\" height=\"12\" fill=\"none\" viewBox=\"0 0 12 12\">\n\t\t\t\t<path fill=\"#fff\" d=\"M2 0a2 2 0 0 0-2 2v2h1.5V2a.5.5 0 0 1 .5-.5h2V0H2Zm2 10.5H2a.5.5 0 0 1-.5-.5V8H0v2a2 2 0 0 0 2 2h2v-1.5ZM8 12v-1.5h2a.5.5 0 0 0 .5-.5V8H12v2a2 2 0 0 1-2 2H8Zm2-12a2 2 0 0 1 2 2v2h-1.5V2a.5.5 0 0 0-.5-.5H8V0h2Z\" \/>\n\t\t\t<\/svg>\n\t\t<\/button><\/figure>\n<\/div>\n\n\n\n<div class=\"wp-block-group is-content-justification-center is-nowrap is-layout-flex wp-container-core-group-is-layout-23441af8 wp-block-group-is-layout-flex\">\n<figure class=\"wp-block-image alignright\"><a href=\"https:\/\/clownettebabette.de\/wordpress\/wp-content\/uploads\/2012\/02\/6.jpg\"><img decoding=\"async\" src=\"https:\/\/clownettebabette.de\/wordpress\/wp-content\/uploads\/2012\/02\/6-300x198.jpg\" alt=\"\" class=\"wp-image-419\" title=\"6\"\/><\/a><\/figure>\n\n\n\n<figure class=\"wp-block-image alignright\"><a href=\"https:\/\/clownettebabette.de\/wordpress\/wp-content\/uploads\/2012\/02\/52.jpg\"><img decoding=\"async\" src=\"https:\/\/clownettebabette.de\/wordpress\/wp-content\/uploads\/2012\/02\/52-300x198.jpg\" alt=\"\" class=\"wp-image-418\" title=\"5\"\/><\/a><\/figure>\n<\/div>\n\n\n\n<p><\/p>\n","protected":false},"excerpt":{"rendered":"<p>Unsere sch\u00f6ne neue Show! Hier zockt das Publikum Bingo &#8211;&nbsp; mit dem vorlauten Wei\u00dfen Kaninchen und ihren wundervollen Assistentinnen Ms. Bingo und Ms. Bongo. Chacka. Leicht zu erkl\u00e4ren, am\u00fcsant, ein grossartiger Spass f\u00fcr wirklich Alle.<\/p>\n","protected":false},"author":1,"featured_media":0,"parent":0,"menu_order":0,"comment_status":"open","ping_status":"open","template":"","meta":{"footnotes":""},"class_list":["post-895","page","type-page","status-publish","hentry"],"_links":{"self":[{"href":"https:\/\/clownettebabette.de\/wordpress\/index.php\/wp-json\/wp\/v2\/pages\/895","targetHints":{"allow":["GET"]}}],"collection":[{"href":"https:\/\/clownettebabette.de\/wordpress\/index.php\/wp-json\/wp\/v2\/pages"}],"about":[{"href":"https:\/\/clownettebabette.de\/wordpress\/index.php\/wp-json\/wp\/v2\/types\/page"}],"author":[{"embeddable":true,"href":"https:\/\/clownettebabette.de\/wordpress\/index.php\/wp-json\/wp\/v2\/users\/1"}],"replies":[{"embeddable":true,"href":"https:\/\/clownettebabette.de\/wordpress\/index.php\/wp-json\/wp\/v2\/comments?post=895"}],"version-history":[{"count":4,"href":"https:\/\/clownettebabette.de\/wordpress\/index.php\/wp-json\/wp\/v2\/pages\/895\/revisions"}],"predecessor-version":[{"id":1002,"href":"https:\/\/clownettebabette.de\/wordpress\/index.php\/wp-json\/wp\/v2\/pages\/895\/revisions\/1002"}],"wp:attachment":[{"href":"https:\/\/clownettebabette.de\/wordpress\/index.php\/wp-json\/wp\/v2\/media?parent=895"}],"curies":[{"name":"wp","href":"https:\/\/api.w.org\/{rel}","templated":true}]}}