{"id":897,"date":"2012-02-26T22:29:04","date_gmt":"2012-02-26T21:29:04","guid":{"rendered":"http:\/\/clownettebabette.de\/wordpress\/?page_id=9"},"modified":"2026-01-05T23:48:46","modified_gmt":"2026-01-05T22:48:46","slug":"ballontierchen","status":"publish","type":"page","link":"https:\/\/clownettebabette.de\/wordpress\/index.php\/ballontierchen\/","title":{"rendered":"Walking-Acts \/ Ballontierchen \/ Ged\u00f6ns"},"content":{"rendered":"\n<div class=\"wp-block-group is-nowrap is-layout-flex wp-container-core-group-is-layout-6c531013 wp-block-group-is-layout-flex\">\n<figure class=\"wp-block-image alignright\"><a href=\"https:\/\/clownettebabette.de\/wordpress\/wp-content\/uploads\/2012\/02\/Kinderblase3.jpg\"><img loading=\"lazy\" decoding=\"async\" width=\"225\" height=\"300\" src=\"https:\/\/clownettebabette.de\/wordpress\/wp-content\/uploads\/2012\/02\/Kinderblase3-225x300.jpg\" alt=\"\" class=\"wp-image-115\" title=\"Seifenblasen\" srcset=\"https:\/\/clownettebabette.de\/wordpress\/wp-content\/uploads\/2012\/02\/Kinderblase3-225x300.jpg 225w, https:\/\/clownettebabette.de\/wordpress\/wp-content\/uploads\/2012\/02\/Kinderblase3-768x1024.jpg 768w, https:\/\/clownettebabette.de\/wordpress\/wp-content\/uploads\/2012\/02\/Kinderblase3-1152x1536.jpg 1152w, https:\/\/clownettebabette.de\/wordpress\/wp-content\/uploads\/2012\/02\/Kinderblase3-1536x2048.jpg 1536w, https:\/\/clownettebabette.de\/wordpress\/wp-content\/uploads\/2012\/02\/Kinderblase3-scaled.jpg 1920w\" sizes=\"auto, (max-width: 225px) 100vw, 225px\" \/><\/a><\/figure>\n\n\n\n<figure class=\"wp-block-image alignright\"><a href=\"https:\/\/clownettebabette.de\/wordpress\/wp-content\/uploads\/2012\/02\/20201003_105916-min3.jpg\"><img decoding=\"async\" src=\"https:\/\/clownettebabette.de\/wordpress\/wp-content\/uploads\/2012\/02\/20201003_105916-min3-300x168.jpg\" alt=\"\" class=\"wp-image-454\" title=\"20201003_105916-min\"\/><\/a><\/figure>\n\n\n\n<figure class=\"wp-block-image\"><a href=\"https:\/\/clownettebabette.de\/wordpress\/wp-content\/uploads\/2012\/02\/Halloween.jpg\"><img loading=\"lazy\" decoding=\"async\" width=\"300\" height=\"292\" src=\"https:\/\/clownettebabette.de\/wordpress\/wp-content\/uploads\/2012\/02\/Halloween-300x292.jpg\" alt=\"\" class=\"wp-image-116\" title=\"Halloween\" srcset=\"https:\/\/clownettebabette.de\/wordpress\/wp-content\/uploads\/2012\/02\/Halloween-300x292.jpg 300w, https:\/\/clownettebabette.de\/wordpress\/wp-content\/uploads\/2012\/02\/Halloween-768x748.jpg 768w, https:\/\/clownettebabette.de\/wordpress\/wp-content\/uploads\/2012\/02\/Halloween.jpg 789w\" sizes=\"auto, (max-width: 300px) 100vw, 300px\" \/><\/a><\/figure>\n<\/div>\n\n\n\n<ul class=\"wp-block-list\">\n<li>Luftballontierchen: Ihr Fest wird bunt, wenn zahlreiche Kinder mit Riesenkraken, Blumen, und anderen Ballontierchen durch die Masse rauschen<\/li>\n\n\n\n<li>Clownin: Ich belustige ihr Fest mit bunten Faxen und mische mich mit dem richtigen Gesp\u00fcr f\u00fcr meine zahlreichen unterschiedlichen Gegen\u00fcber unter die Masse<\/li>\n\n\n\n<li>\u00a0Weihnachtsengel: Ich unterhalte bezaubernd ihre G\u00e4ste, verteile die von Ihnen ausgesuchten Geschenke, moderiere auch gerne das Wichteln und\/oder mische mich engelsgleich unter\u00a0ihr Publikum<\/li>\n\n\n\n<li>&#8230;und viele weitere Charaktere und Geschichten nach ihren W\u00fcnschen.<\/li>\n<\/ul>\n\n\n\n<div class=\"wp-block-group is-nowrap is-layout-flex wp-container-core-group-is-layout-6c531013 wp-block-group-is-layout-flex\">\n<figure class=\"wp-block-image\"><a href=\"https:\/\/clownettebabette.de\/wordpress\/wp-content\/uploads\/2012\/02\/Wehhhred.jpg\"><img decoding=\"async\" src=\"https:\/\/clownettebabette.de\/wordpress\/wp-content\/uploads\/2012\/02\/Wehhhred-195x300.jpg\" alt=\"\" title=\"Weihnachtsengel\"\/><\/a><\/figure>\n\n\n\n<figure class=\"wp-block-image alignright\"><a href=\"https:\/\/clownettebabette.de\/wordpress\/wp-content\/uploads\/2012\/02\/20210828_160001-min.jpg\"><img loading=\"lazy\" decoding=\"async\" width=\"300\" height=\"225\" src=\"https:\/\/clownettebabette.de\/wordpress\/wp-content\/uploads\/2012\/02\/20210828_160001-min-300x225.jpg\" alt=\"\" class=\"wp-image-611\" title=\"20210828_160001-min\" srcset=\"https:\/\/clownettebabette.de\/wordpress\/wp-content\/uploads\/2012\/02\/20210828_160001-min-300x225.jpg 300w, https:\/\/clownettebabette.de\/wordpress\/wp-content\/uploads\/2012\/02\/20210828_160001-min-1024x768.jpg 1024w, https:\/\/clownettebabette.de\/wordpress\/wp-content\/uploads\/2012\/02\/20210828_160001-min-768x576.jpg 768w, https:\/\/clownettebabette.de\/wordpress\/wp-content\/uploads\/2012\/02\/20210828_160001-min-1536x1152.jpg 1536w, https:\/\/clownettebabette.de\/wordpress\/wp-content\/uploads\/2012\/02\/20210828_160001-min-2048x1536.jpg 2048w\" sizes=\"auto, (max-width: 300px) 100vw, 300px\" \/><\/a><\/figure>\n\n\n\n<figure class=\"wp-block-image alignright\"><a href=\"https:\/\/clownettebabette.de\/wordpress\/wp-content\/uploads\/2012\/02\/SAM_3196-min1.jpg\"><img loading=\"lazy\" decoding=\"async\" width=\"300\" height=\"225\" src=\"https:\/\/clownettebabette.de\/wordpress\/wp-content\/uploads\/2012\/02\/SAM_3196-min1-300x225.jpg\" alt=\"\" class=\"wp-image-448\" title=\"SAM_3196-min\" srcset=\"https:\/\/clownettebabette.de\/wordpress\/wp-content\/uploads\/2012\/02\/SAM_3196-min1-300x225.jpg 300w, https:\/\/clownettebabette.de\/wordpress\/wp-content\/uploads\/2012\/02\/SAM_3196-min1-1024x768.jpg 1024w, https:\/\/clownettebabette.de\/wordpress\/wp-content\/uploads\/2012\/02\/SAM_3196-min1-768x576.jpg 768w, https:\/\/clownettebabette.de\/wordpress\/wp-content\/uploads\/2012\/02\/SAM_3196-min1-1536x1152.jpg 1536w, https:\/\/clownettebabette.de\/wordpress\/wp-content\/uploads\/2012\/02\/SAM_3196-min1-2048x1536.jpg 2048w\" sizes=\"auto, (max-width: 300px) 100vw, 300px\" \/><\/a><\/figure>\n<\/div>\n\n\n\n<p><\/p>\n","protected":false},"excerpt":{"rendered":"","protected":false},"author":1,"featured_media":0,"parent":0,"menu_order":0,"comment_status":"open","ping_status":"closed","template":"","meta":{"footnotes":""},"class_list":["post-897","page","type-page","status-publish","hentry"],"_links":{"self":[{"href":"https:\/\/clownettebabette.de\/wordpress\/index.php\/wp-json\/wp\/v2\/pages\/897","targetHints":{"allow":["GET"]}}],"collection":[{"href":"https:\/\/clownettebabette.de\/wordpress\/index.php\/wp-json\/wp\/v2\/pages"}],"about":[{"href":"https:\/\/clownettebabette.de\/wordpress\/index.php\/wp-json\/wp\/v2\/types\/page"}],"author":[{"embeddable":true,"href":"https:\/\/clownettebabette.de\/wordpress\/index.php\/wp-json\/wp\/v2\/users\/1"}],"replies":[{"embeddable":true,"href":"https:\/\/clownettebabette.de\/wordpress\/index.php\/wp-json\/wp\/v2\/comments?post=897"}],"version-history":[{"count":3,"href":"https:\/\/clownettebabette.de\/wordpress\/index.php\/wp-json\/wp\/v2\/pages\/897\/revisions"}],"predecessor-version":[{"id":1004,"href":"https:\/\/clownettebabette.de\/wordpress\/index.php\/wp-json\/wp\/v2\/pages\/897\/revisions\/1004"}],"wp:attachment":[{"href":"https:\/\/clownettebabette.de\/wordpress\/index.php\/wp-json\/wp\/v2\/media?parent=897"}],"curies":[{"name":"wp","href":"https:\/\/api.w.org\/{rel}","templated":true}]}}